{"id":9708,"date":"2022-02-20T17:11:21","date_gmt":"2022-02-20T17:11:21","guid":{"rendered":"https:\/\/casb.rs\/programski-odbori\/"},"modified":"2025-01-09T18:45:32","modified_gmt":"2025-01-09T18:45:32","slug":"programme-committee","status":"publish","type":"page","link":"https:\/\/casb.rs\/en\/programme-committee\/","title":{"rendered":"SCIENTIFIC COMMITTEE"},"content":{"rendered":"\t\t<div data-elementor-type=\"wp-page\" data-elementor-id=\"9708\" class=\"elementor elementor-9708\" data-elementor-post-type=\"page\">\n\t\t\t\t\t\t<section class=\"elementor-section elementor-top-section elementor-element elementor-element-7bb23c16 elementor-section-boxed elementor-section-height-default elementor-section-height-default\" data-id=\"7bb23c16\" data-element_type=\"section\">\n\t\t\t\t\t\t<div class=\"elementor-container elementor-column-gap-default\">\n\t\t\t\t\t<div class=\"elementor-column elementor-col-100 elementor-top-column elementor-element elementor-element-6686354b\" data-id=\"6686354b\" data-element_type=\"column\">\n\t\t\t<div class=\"elementor-widget-wrap elementor-element-populated\">\n\t\t\t\t\t\t<div class=\"elementor-element elementor-element-6674671c elementor-hidden-tablet elementor-hidden-mobile eael-dual-header-content-align-center elementor-widget elementor-widget-eael-dual-color-header\" data-id=\"6674671c\" data-element_type=\"widget\" data-widget_type=\"eael-dual-color-header.default\">\n\t\t\t\t<div class=\"elementor-widget-container\">\n\t\t\t\t\t\t\t\t<div class=\"eael-dual-header\">\n\t\t\t\t<h2 class=\"title eael-dch-title\"><span class=\"eael-dch-title-text eael-dch-title-lead lead solid-color\">SCIENTIFIC <\/span> <span class=\"eael-dch-title-text\">COMMITTEE<\/span><\/h2><div class=\"eael-dch-separator-wrap\"><span class=\"separator-one\"><\/span>\n\t\t\t<span class=\"separator-two\"><\/span><\/div>\t\t\t<\/div>\n\n\t\t\t\t\t\t<\/div>\n\t\t\t\t<\/div>\n\t\t\t\t<div class=\"elementor-element elementor-element-bae447c elementor-hidden-desktop eael-dual-header-content-align-center elementor-widget elementor-widget-eael-dual-color-header\" data-id=\"bae447c\" data-element_type=\"widget\" data-widget_type=\"eael-dual-color-header.default\">\n\t\t\t\t<div class=\"elementor-widget-container\">\n\t\t\t\t\t\t\t\t<div class=\"eael-dual-header\">\n\t\t\t\t<h4 class=\"title eael-dch-title\"><span class=\"eael-dch-title-text eael-dch-title-lead lead solid-color\">SCIENTIFIC AND PROGRAMME<\/span> <span class=\"eael-dch-title-text\">COMMITTEE<\/span><\/h4>\t\t\t<\/div>\n\n\t\t\t\t\t\t<\/div>\n\t\t\t\t<\/div>\n\t\t\t\t\t<\/div>\n\t\t<\/div>\n\t\t\t\t\t<\/div>\n\t\t<\/section>\n\t\t\t\t<section class=\"elementor-section elementor-top-section elementor-element elementor-element-573bdd5a elementor-section-boxed elementor-section-height-default elementor-section-height-default\" data-id=\"573bdd5a\" data-element_type=\"section\">\n\t\t\t\t\t\t<div class=\"elementor-container elementor-column-gap-default\">\n\t\t\t\t\t<div class=\"elementor-column elementor-col-50 elementor-top-column elementor-element elementor-element-27eb5357\" data-id=\"27eb5357\" data-element_type=\"column\">\n\t\t\t<div class=\"elementor-widget-wrap elementor-element-populated\">\n\t\t\t\t\t\t<div class=\"elementor-element elementor-element-5d9a05b0 elementor-widget elementor-widget-text-editor\" data-id=\"5d9a05b0\" data-element_type=\"widget\" data-widget_type=\"text-editor.default\">\n\t\t\t\t<div class=\"elementor-widget-container\">\n\t\t\t\t\t\t\t\t\t<p><em><strong><span style=\"color: #333399;\">Members of the scientific board from domestic institutions<\/span><\/strong><\/em><\/p><p><em><strong>Lazar Lazi\u0107,<\/strong> full professor, Department of Geography, Tourism and Hotel Management, Faculty of Sciences, University of Novi Sad<\/em><\/p><p><em><strong>Tatjana Pivac,<\/strong> full professor, Department of Geography, Tourism and Hotel Management, Faculty of Sciences, University of Novi Sad<\/em><\/p><p><em><strong>Sne\u017eana Besermenji,<\/strong> full professor, Department of Geography, Tourism and Hotel Management, Faculty of Sciences, University of Novi Sad<\/em><\/p><p><em><strong>Miroslav Vuji\u010di\u0107,<\/strong> associate professor, Department of Geography, Tourism and Hotel Management, Faculty of Sciences, University of Novi Sad<\/em><\/p><p><em><strong>Sanja Mandari\u0107,<\/strong> full professor, Faculty of Sport and Physical Education, University of Belgrade<\/em><\/p><p><em><strong>Pavle Radanov,<\/strong>\u00a0<\/em><em style=\"background-color: #ffffff;\">associate\u00a0<\/em><em>professor, Faculty of Management, Metropolitan University<\/em><\/p><p><em><strong>Hristina Miki\u0107,<\/strong> associate professor, Faculty of Management, Metropolitan University<\/em><\/p><p><em><strong>Tatjana Dragi\u010devi\u0107 Radi\u010devi\u0107,<\/strong>\u00a0<\/em><em style=\"background-color: #ffffff;\">full\u00a0<\/em><em>professor, Faculty of Applied Management, Economics and Finance &#8211; Belgrade, University Business Academy in Novi Sad<\/em><\/p><p><em><strong>Igor Kova\u010devi\u0107<\/strong>, docent, Faculty of Economics and Business, University of Belgrade<\/em><\/p><p><em><strong>Renata Pindzo,<\/strong><\/em> a<em>ssociate professor, FEFA Faculty, Metropolitan University Belgrade<\/em><\/p><p><em><strong>Jelena An\u0111elkovi\u0107 Gra\u0161ar,<\/strong> Senior Research Associate, Archaeological Institute, Belgrade<\/em><\/p>\t\t\t\t\t\t\t\t<\/div>\n\t\t\t\t<\/div>\n\t\t\t\t\t<\/div>\n\t\t<\/div>\n\t\t\t\t<div class=\"elementor-column elementor-col-50 elementor-top-column elementor-element elementor-element-fd5a1b3\" data-id=\"fd5a1b3\" data-element_type=\"column\">\n\t\t\t<div class=\"elementor-widget-wrap elementor-element-populated\">\n\t\t\t\t\t\t<div class=\"elementor-element elementor-element-71dc9cd elementor-widget elementor-widget-text-editor\" data-id=\"71dc9cd\" data-element_type=\"widget\" data-widget_type=\"text-editor.default\">\n\t\t\t\t<div class=\"elementor-widget-container\">\n\t\t\t\t\t\t\t\t\t<p><em><span style=\"color: #333399;\"><b>Members<\/b><strong> of the scientific committee from abroad<\/strong><\/span><\/em><\/p><p><em><strong>Mirjana Sekulovska,<\/strong> full professor, Faculty of Tourism and Hospitality Ohrid, University &#8220;St. Kliment Ohridski&#8221; \u2013 Bitola, North Macedonia<\/em><\/p><p><em><strong>Dimitrios Buhalis,<\/strong> full professor, eTourism Lab and International Centre for Tourism and Hospitality Research, Bournemouth University Business School England<\/em><\/p><p><em><strong>Sofia Karampela<\/strong>, associate professor, Department of Tourism, Ionian University Corfu, Greece<\/em><\/p><p><em><strong>Emil Juvan,<\/strong> associate professor, Faculty of Tourism Studies Turistica, University of Primorska, Slovenia<\/em><\/p><p><em><strong>Miha Lesjak,<\/strong> associate professor, Faculty of Tourism Studies Turistica, University of Primorska, Slovenia<\/em><\/p><p><em><strong>Edin Ja\u0161arovi\u0107,<\/strong> docent, Faculty of Dramatic Arts, University of Montenegro<\/em><\/p><p><em><strong>Gordana Vuli\u0107<\/strong>, assistant professor, Biotechnical Educational Centre Ljubljana, College of Hospitality and Tourism Management Bled, Slovenia<\/em><\/p><p><em><strong>Emira Premrov<\/strong>, docent, Higher Vocational School for Hospitality, Wellness and Tourism Bled,\u00a0<\/em><em style=\"background-color: #ffffff;\">Slovenia;<\/em><em>\u00a0<\/em><em style=\"background-color: #ffffff;\">Higher Vocational School for<\/em><em style=\"background-color: #ffffff;\">\u00a0Management Bled<\/em><em>, Slovenia<\/em><\/p><p><em style=\"background-color: #ffffff;\"><strong>Ilija Stojanovi\u0107,<\/strong>\u00a0<\/em><em style=\"background-color: #ffffff;\">associate professor<\/em><em style=\"background-color: #ffffff;\">, American University in the Emirates, Dubai, United Arab Emirates<\/em><em><br \/><\/em><\/p><p><em style=\"background-color: #ffffff;\"><b>Christian Maurer,<\/b> prof. (FH) mag. &#8211; University of Applied Sciences Krems, Austria<\/em><\/p>\t\t\t\t\t\t\t\t<\/div>\n\t\t\t\t<\/div>\n\t\t\t\t\t<\/div>\n\t\t<\/div>\n\t\t\t\t\t<\/div>\n\t\t<\/section>\n\t\t\t\t<\/div>\n\t\t","protected":false},"excerpt":{"rendered":"<p>SCIENTIFIC COMMITTEE SCIENTIFIC AND PROGRAMME COMMITTEE Members of the scientific board from domestic institutions Lazar Lazi\u0107, full professor, Department of Geography, Tourism and Hotel Management, Faculty of Sciences, University of Novi Sad Tatjana Pivac, full professor, Department of Geography, Tourism [&hellip;]<\/p>\n","protected":false},"author":1,"featured_media":0,"parent":0,"menu_order":0,"comment_status":"closed","ping_status":"closed","template":"","meta":{"_acf_changed":false,"footnotes":""},"class_list":["post-9708","page","type-page","status-publish","hentry"],"acf":[],"_links":{"self":[{"href":"https:\/\/casb.rs\/en\/wp-json\/wp\/v2\/pages\/9708","targetHints":{"allow":["GET"]}}],"collection":[{"href":"https:\/\/casb.rs\/en\/wp-json\/wp\/v2\/pages"}],"about":[{"href":"https:\/\/casb.rs\/en\/wp-json\/wp\/v2\/types\/page"}],"author":[{"embeddable":true,"href":"https:\/\/casb.rs\/en\/wp-json\/wp\/v2\/users\/1"}],"replies":[{"embeddable":true,"href":"https:\/\/casb.rs\/en\/wp-json\/wp\/v2\/comments?post=9708"}],"version-history":[{"count":89,"href":"https:\/\/casb.rs\/en\/wp-json\/wp\/v2\/pages\/9708\/revisions"}],"predecessor-version":[{"id":13231,"href":"https:\/\/casb.rs\/en\/wp-json\/wp\/v2\/pages\/9708\/revisions\/13231"}],"wp:attachment":[{"href":"https:\/\/casb.rs\/en\/wp-json\/wp\/v2\/media?parent=9708"}],"curies":[{"name":"wp","href":"https:\/\/api.w.org\/{rel}","templated":true}]}}